{"id":299,"date":"2019-08-09T17:17:06","date_gmt":"2019-08-09T17:17:06","guid":{"rendered":"http:\/\/olmedomec.com.ar\/web\/?page_id=299"},"modified":"2025-08-26T13:43:33","modified_gmt":"2025-08-26T13:43:33","slug":"servicios","status":"publish","type":"page","link":"https:\/\/olmedomec.com.ar\/web\/servicios\/","title":{"rendered":"Institucional"},"content":{"rendered":"\n<p><br><strong>OlmedoMEC<\/strong> tiene por objetivo ofrecer a sus clientes servicios profesionales, con la log\u00edstica necesaria y tecnolog\u00eda de \u00faltima generaci\u00f3n, teniendo principal cuidado con el medio ambiente.<br> Ofrecemos equipos de surtidores de combustibles y repuestos de primera l\u00ednea, como as\u00ed tambi\u00e9n las mejores soluciones para el mejor rendimiento de los productos adquiridos.<br> Llevamos nuestros servicios a lo largo y ancho del pa\u00eds, poniendo nuestra experiencia al servicio del cliente.<\/p>\n\n\n\n<figure class=\"wp-block-image\"><img loading=\"lazy\" decoding=\"async\" width=\"1024\" height=\"615\" src=\"https:\/\/olmedomec.com.ar\/web\/wp-content\/uploads\/2019\/08\/sextuple_Gilbarco_antesydespues-1024x615.jpg\" alt=\"\" class=\"wp-image-539\" srcset=\"https:\/\/olmedomec.com.ar\/web\/wp-content\/uploads\/2019\/08\/sextuple_Gilbarco_antesydespues-1024x615.jpg 1024w, https:\/\/olmedomec.com.ar\/web\/wp-content\/uploads\/2019\/08\/sextuple_Gilbarco_antesydespues-300x180.jpg 300w, https:\/\/olmedomec.com.ar\/web\/wp-content\/uploads\/2019\/08\/sextuple_Gilbarco_antesydespues-768x461.jpg 768w, https:\/\/olmedomec.com.ar\/web\/wp-content\/uploads\/2019\/08\/sextuple_Gilbarco_antesydespues.jpg 1383w\" sizes=\"auto, (max-width: 1024px) 100vw, 1024px\" \/><\/figure>\n","protected":false},"excerpt":{"rendered":"<p>OlmedoMEC tiene por objetivo ofrecer a sus clientes servicios profesionales, con la log\u00edstica necesaria y tecnolog\u00eda de \u00faltima generaci\u00f3n, teniendo principal cuidado con el medio<\/p>\n","protected":false},"author":2,"featured_media":389,"parent":0,"menu_order":0,"comment_status":"closed","ping_status":"closed","template":"","meta":{"_monsterinsights_skip_tracking":false,"_monsterinsights_sitenote_active":false,"_monsterinsights_sitenote_note":"","_monsterinsights_sitenote_category":0,"_joinchat":[],"footnotes":""},"class_list":["post-299","page","type-page","status-publish","has-post-thumbnail","hentry"],"yoast_head":"<!-- This site is optimized with the Yoast SEO plugin v27.4 - https:\/\/yoast.com\/product\/yoast-seo-wordpress\/ -->\n<title>Institucional - Olmedo Mec \/ .: Sitio Oficial :.<\/title>\n<meta name=\"description\" content=\"Olmedomec - Mec\u00e1nico de Surtidores. Venta y Servicio t\u00e9cnico a surtidores, reparaci\u00f3n, a todas las Estaciones de Servicio del pa\u00eds.\" \/>\n<meta name=\"robots\" content=\"index, follow, max-snippet:-1, max-image-preview:large, max-video-preview:-1\" \/>\n<link rel=\"canonical\" href=\"https:\/\/olmedomec.com.ar\/web\/servicios\/\" \/>\n<meta property=\"og:locale\" content=\"es_ES\" \/>\n<meta property=\"og:type\" content=\"article\" \/>\n<meta property=\"og:title\" content=\"Institucional - Olmedo Mec \/ .: Sitio Oficial :.\" \/>\n<meta property=\"og:description\" content=\"Olmedomec - Mec\u00e1nico de Surtidores. Venta y Servicio t\u00e9cnico a surtidores, reparaci\u00f3n, a todas las Estaciones de Servicio del pa\u00eds.\" \/>\n<meta property=\"og:url\" content=\"https:\/\/olmedomec.com.ar\/web\/servicios\/\" \/>\n<meta property=\"og:site_name\" content=\"Olmedo Mec \/ .: Sitio Oficial :.\" \/>\n<meta property=\"article:modified_time\" content=\"2025-08-26T13:43:33+00:00\" \/>\n<meta property=\"og:image\" content=\"https:\/\/olmedomec.com.ar\/web\/wp-content\/uploads\/2019\/08\/estacion_servicio_3.jpg\" \/>\n\t<meta property=\"og:image:width\" content=\"969\" \/>\n\t<meta property=\"og:image:height\" content=\"582\" \/>\n\t<meta property=\"og:image:type\" content=\"image\/jpeg\" \/>\n<meta name=\"twitter:card\" content=\"summary_large_image\" \/>\n<meta name=\"twitter:label1\" content=\"Tiempo de lectura\" \/>\n\t<meta name=\"twitter:data1\" content=\"1 minuto\" \/>\n<script type=\"application\/ld+json\" class=\"yoast-schema-graph\">{\"@context\":\"https:\\\/\\\/schema.org\",\"@graph\":[{\"@type\":\"WebPage\",\"@id\":\"https:\\\/\\\/olmedomec.com.ar\\\/web\\\/servicios\\\/\",\"url\":\"https:\\\/\\\/olmedomec.com.ar\\\/web\\\/servicios\\\/\",\"name\":\"Institucional - Olmedo Mec \\\/ .: Sitio Oficial :.\",\"isPartOf\":{\"@id\":\"https:\\\/\\\/olmedomec.com.ar\\\/web\\\/#website\"},\"primaryImageOfPage\":{\"@id\":\"https:\\\/\\\/olmedomec.com.ar\\\/web\\\/servicios\\\/#primaryimage\"},\"image\":{\"@id\":\"https:\\\/\\\/olmedomec.com.ar\\\/web\\\/servicios\\\/#primaryimage\"},\"thumbnailUrl\":\"https:\\\/\\\/olmedomec.com.ar\\\/web\\\/wp-content\\\/uploads\\\/2019\\\/08\\\/estacion_servicio_3.jpg\",\"datePublished\":\"2019-08-09T17:17:06+00:00\",\"dateModified\":\"2025-08-26T13:43:33+00:00\",\"description\":\"Olmedomec - Mec\u00e1nico de Surtidores. Venta y Servicio t\u00e9cnico a surtidores, reparaci\u00f3n, a todas las Estaciones de Servicio del pa\u00eds.\",\"breadcrumb\":{\"@id\":\"https:\\\/\\\/olmedomec.com.ar\\\/web\\\/servicios\\\/#breadcrumb\"},\"inLanguage\":\"es\",\"potentialAction\":[{\"@type\":\"ReadAction\",\"target\":[\"https:\\\/\\\/olmedomec.com.ar\\\/web\\\/servicios\\\/\"]}]},{\"@type\":\"ImageObject\",\"inLanguage\":\"es\",\"@id\":\"https:\\\/\\\/olmedomec.com.ar\\\/web\\\/servicios\\\/#primaryimage\",\"url\":\"https:\\\/\\\/olmedomec.com.ar\\\/web\\\/wp-content\\\/uploads\\\/2019\\\/08\\\/estacion_servicio_3.jpg\",\"contentUrl\":\"https:\\\/\\\/olmedomec.com.ar\\\/web\\\/wp-content\\\/uploads\\\/2019\\\/08\\\/estacion_servicio_3.jpg\",\"width\":969,\"height\":582,\"caption\":\"Servicios T\u00e9cnicos para Surtidores de Combustible\"},{\"@type\":\"BreadcrumbList\",\"@id\":\"https:\\\/\\\/olmedomec.com.ar\\\/web\\\/servicios\\\/#breadcrumb\",\"itemListElement\":[{\"@type\":\"ListItem\",\"position\":1,\"name\":\"Portada\",\"item\":\"https:\\\/\\\/olmedomec.com.ar\\\/web\\\/\"},{\"@type\":\"ListItem\",\"position\":2,\"name\":\"Institucional\"}]},{\"@type\":\"WebSite\",\"@id\":\"https:\\\/\\\/olmedomec.com.ar\\\/web\\\/#website\",\"url\":\"https:\\\/\\\/olmedomec.com.ar\\\/web\\\/\",\"name\":\"Olmedo Mec \\\/ .: Sitio Oficial :.\",\"description\":\"Mec\u00e1nico de Surtidores\",\"publisher\":{\"@id\":\"https:\\\/\\\/olmedomec.com.ar\\\/web\\\/#organization\"},\"potentialAction\":[{\"@type\":\"SearchAction\",\"target\":{\"@type\":\"EntryPoint\",\"urlTemplate\":\"https:\\\/\\\/olmedomec.com.ar\\\/web\\\/?s={search_term_string}\"},\"query-input\":{\"@type\":\"PropertyValueSpecification\",\"valueRequired\":true,\"valueName\":\"search_term_string\"}}],\"inLanguage\":\"es\"},{\"@type\":\"Organization\",\"@id\":\"https:\\\/\\\/olmedomec.com.ar\\\/web\\\/#organization\",\"name\":\"Olmedo Mec \\\/ .: Sitio Oficial :.\",\"url\":\"https:\\\/\\\/olmedomec.com.ar\\\/web\\\/\",\"logo\":{\"@type\":\"ImageObject\",\"inLanguage\":\"es\",\"@id\":\"https:\\\/\\\/olmedomec.com.ar\\\/web\\\/#\\\/schema\\\/logo\\\/image\\\/\",\"url\":\"https:\\\/\\\/olmedomec.com.ar\\\/web\\\/wp-content\\\/uploads\\\/2019\\\/08\\\/cropped-olmedologo.png\",\"contentUrl\":\"https:\\\/\\\/olmedomec.com.ar\\\/web\\\/wp-content\\\/uploads\\\/2019\\\/08\\\/cropped-olmedologo.png\",\"width\":189,\"height\":46,\"caption\":\"Olmedo Mec \\\/ .: Sitio Oficial :.\"},\"image\":{\"@id\":\"https:\\\/\\\/olmedomec.com.ar\\\/web\\\/#\\\/schema\\\/logo\\\/image\\\/\"}}]}<\/script>\n<!-- \/ Yoast SEO plugin. -->","yoast_head_json":{"title":"Institucional - Olmedo Mec \/ .: Sitio Oficial :.","description":"Olmedomec - Mec\u00e1nico de Surtidores. Venta y Servicio t\u00e9cnico a surtidores, reparaci\u00f3n, a todas las Estaciones de Servicio del pa\u00eds.","robots":{"index":"index","follow":"follow","max-snippet":"max-snippet:-1","max-image-preview":"max-image-preview:large","max-video-preview":"max-video-preview:-1"},"canonical":"https:\/\/olmedomec.com.ar\/web\/servicios\/","og_locale":"es_ES","og_type":"article","og_title":"Institucional - Olmedo Mec \/ .: Sitio Oficial :.","og_description":"Olmedomec - Mec\u00e1nico de Surtidores. Venta y Servicio t\u00e9cnico a surtidores, reparaci\u00f3n, a todas las Estaciones de Servicio del pa\u00eds.","og_url":"https:\/\/olmedomec.com.ar\/web\/servicios\/","og_site_name":"Olmedo Mec \/ .: Sitio Oficial :.","article_modified_time":"2025-08-26T13:43:33+00:00","og_image":[{"width":969,"height":582,"url":"https:\/\/olmedomec.com.ar\/web\/wp-content\/uploads\/2019\/08\/estacion_servicio_3.jpg","type":"image\/jpeg"}],"twitter_card":"summary_large_image","twitter_misc":{"Tiempo de lectura":"1 minuto"},"schema":{"@context":"https:\/\/schema.org","@graph":[{"@type":"WebPage","@id":"https:\/\/olmedomec.com.ar\/web\/servicios\/","url":"https:\/\/olmedomec.com.ar\/web\/servicios\/","name":"Institucional - Olmedo Mec \/ .: Sitio Oficial :.","isPartOf":{"@id":"https:\/\/olmedomec.com.ar\/web\/#website"},"primaryImageOfPage":{"@id":"https:\/\/olmedomec.com.ar\/web\/servicios\/#primaryimage"},"image":{"@id":"https:\/\/olmedomec.com.ar\/web\/servicios\/#primaryimage"},"thumbnailUrl":"https:\/\/olmedomec.com.ar\/web\/wp-content\/uploads\/2019\/08\/estacion_servicio_3.jpg","datePublished":"2019-08-09T17:17:06+00:00","dateModified":"2025-08-26T13:43:33+00:00","description":"Olmedomec - Mec\u00e1nico de Surtidores. Venta y Servicio t\u00e9cnico a surtidores, reparaci\u00f3n, a todas las Estaciones de Servicio del pa\u00eds.","breadcrumb":{"@id":"https:\/\/olmedomec.com.ar\/web\/servicios\/#breadcrumb"},"inLanguage":"es","potentialAction":[{"@type":"ReadAction","target":["https:\/\/olmedomec.com.ar\/web\/servicios\/"]}]},{"@type":"ImageObject","inLanguage":"es","@id":"https:\/\/olmedomec.com.ar\/web\/servicios\/#primaryimage","url":"https:\/\/olmedomec.com.ar\/web\/wp-content\/uploads\/2019\/08\/estacion_servicio_3.jpg","contentUrl":"https:\/\/olmedomec.com.ar\/web\/wp-content\/uploads\/2019\/08\/estacion_servicio_3.jpg","width":969,"height":582,"caption":"Servicios T\u00e9cnicos para Surtidores de Combustible"},{"@type":"BreadcrumbList","@id":"https:\/\/olmedomec.com.ar\/web\/servicios\/#breadcrumb","itemListElement":[{"@type":"ListItem","position":1,"name":"Portada","item":"https:\/\/olmedomec.com.ar\/web\/"},{"@type":"ListItem","position":2,"name":"Institucional"}]},{"@type":"WebSite","@id":"https:\/\/olmedomec.com.ar\/web\/#website","url":"https:\/\/olmedomec.com.ar\/web\/","name":"Olmedo Mec \/ .: Sitio Oficial :.","description":"Mec\u00e1nico de Surtidores","publisher":{"@id":"https:\/\/olmedomec.com.ar\/web\/#organization"},"potentialAction":[{"@type":"SearchAction","target":{"@type":"EntryPoint","urlTemplate":"https:\/\/olmedomec.com.ar\/web\/?s={search_term_string}"},"query-input":{"@type":"PropertyValueSpecification","valueRequired":true,"valueName":"search_term_string"}}],"inLanguage":"es"},{"@type":"Organization","@id":"https:\/\/olmedomec.com.ar\/web\/#organization","name":"Olmedo Mec \/ .: Sitio Oficial :.","url":"https:\/\/olmedomec.com.ar\/web\/","logo":{"@type":"ImageObject","inLanguage":"es","@id":"https:\/\/olmedomec.com.ar\/web\/#\/schema\/logo\/image\/","url":"https:\/\/olmedomec.com.ar\/web\/wp-content\/uploads\/2019\/08\/cropped-olmedologo.png","contentUrl":"https:\/\/olmedomec.com.ar\/web\/wp-content\/uploads\/2019\/08\/cropped-olmedologo.png","width":189,"height":46,"caption":"Olmedo Mec \/ .: Sitio Oficial :."},"image":{"@id":"https:\/\/olmedomec.com.ar\/web\/#\/schema\/logo\/image\/"}}]}},"_links":{"self":[{"href":"https:\/\/olmedomec.com.ar\/web\/wp-json\/wp\/v2\/pages\/299","targetHints":{"allow":["GET"]}}],"collection":[{"href":"https:\/\/olmedomec.com.ar\/web\/wp-json\/wp\/v2\/pages"}],"about":[{"href":"https:\/\/olmedomec.com.ar\/web\/wp-json\/wp\/v2\/types\/page"}],"author":[{"embeddable":true,"href":"https:\/\/olmedomec.com.ar\/web\/wp-json\/wp\/v2\/users\/2"}],"replies":[{"embeddable":true,"href":"https:\/\/olmedomec.com.ar\/web\/wp-json\/wp\/v2\/comments?post=299"}],"version-history":[{"count":9,"href":"https:\/\/olmedomec.com.ar\/web\/wp-json\/wp\/v2\/pages\/299\/revisions"}],"predecessor-version":[{"id":544,"href":"https:\/\/olmedomec.com.ar\/web\/wp-json\/wp\/v2\/pages\/299\/revisions\/544"}],"wp:featuredmedia":[{"embeddable":true,"href":"https:\/\/olmedomec.com.ar\/web\/wp-json\/wp\/v2\/media\/389"}],"wp:attachment":[{"href":"https:\/\/olmedomec.com.ar\/web\/wp-json\/wp\/v2\/media?parent=299"}],"curies":[{"name":"wp","href":"https:\/\/api.w.org\/{rel}","templated":true}]}}