{"id":315,"date":"2019-08-12T22:41:20","date_gmt":"2019-08-12T22:41:20","guid":{"rendered":"http:\/\/olmedomec.com.ar\/web\/?page_id=315"},"modified":"2025-08-26T14:17:12","modified_gmt":"2025-08-26T14:17:12","slug":"surtidores","status":"publish","type":"page","link":"https:\/\/olmedomec.com.ar\/web\/surtidores\/","title":{"rendered":"Reparaci\u00f3n de Surtidores"},"content":{"rendered":"\n<p>Servicio de reacondicionamiento de una amplia variedad de surtidores de combustible, de acuerdo con sus necesidades. <br><\/p>\n\n\n\n<p>Reparaci\u00f3n y\/o cambio de elementos que se deterioren en condiciones de uso normal de los surtidores, se verifica y se realiza los cambios necesarios para el correcto funcionamiento.<br><\/p>\n\n\n\n<p>Mantenimiento preventivo, comprende en realizar un chequeo general  preventivo cada cierto lapso de tiempo, para limpieza y ajustes  generales del equipo, verificar y calibrar el estado mec\u00e1nico y  reparar\/limpiar\/reemplazar en caso de ser necesario, para que el  surtidor funcione correctamente. <\/p>\n\n\n\n<p>Servicio de reparaci\u00f3n electr\u00f3nica, contamos con un laboratorio de electr\u00f3nica con una amplia variedad de probadores y componentes electr\u00f3nicos, para poder reacondicionar.<\/p>\n\n\n\n<p>Reparaci\u00f3n de caudalimetros y bombas.<br>Calibraci\u00f3n de surtidores y caudalimetros.<\/p>\n","protected":false},"excerpt":{"rendered":"<p>Servicio de reacondicionamiento de una amplia variedad de surtidores de combustible, de acuerdo con sus necesidades. Reparaci\u00f3n y\/o cambio de elementos que se deterioren en<\/p>\n","protected":false},"author":2,"featured_media":324,"parent":0,"menu_order":0,"comment_status":"closed","ping_status":"closed","template":"page-templates\/template-services.php","meta":{"_monsterinsights_skip_tracking":false,"_monsterinsights_sitenote_active":false,"_monsterinsights_sitenote_note":"","_monsterinsights_sitenote_category":0,"_joinchat":[],"footnotes":""},"class_list":["post-315","page","type-page","status-publish","has-post-thumbnail","hentry"],"yoast_head":"<!-- This site is optimized with the Yoast SEO plugin v27.4 - https:\/\/yoast.com\/product\/yoast-seo-wordpress\/ -->\n<title>Reparaci\u00f3n de Surtidores - Olmedo Mec \/ .: Sitio Oficial :.<\/title>\n<meta name=\"description\" content=\"Reparaci\u00f3n integral del surtidor. Reparaci\u00f3n mec\u00e1nica, electr\u00f3nica y calibraci\u00f3n de los surtidores de combustibles.\" \/>\n<meta name=\"robots\" content=\"index, follow, max-snippet:-1, max-image-preview:large, max-video-preview:-1\" \/>\n<link rel=\"canonical\" href=\"https:\/\/olmedomec.com.ar\/web\/surtidores\/\" \/>\n<meta property=\"og:locale\" content=\"es_ES\" \/>\n<meta property=\"og:type\" content=\"article\" \/>\n<meta property=\"og:title\" content=\"Reparaci\u00f3n de Surtidores - Olmedo Mec \/ .: Sitio Oficial :.\" \/>\n<meta property=\"og:description\" content=\"Reparaci\u00f3n integral del surtidor. Reparaci\u00f3n mec\u00e1nica, electr\u00f3nica y calibraci\u00f3n de los surtidores de combustibles.\" \/>\n<meta property=\"og:url\" content=\"https:\/\/olmedomec.com.ar\/web\/surtidores\/\" \/>\n<meta property=\"og:site_name\" content=\"Olmedo Mec \/ .: Sitio Oficial :.\" \/>\n<meta property=\"article:modified_time\" content=\"2025-08-26T14:17:12+00:00\" \/>\n<meta property=\"og:image\" content=\"https:\/\/olmedomec.com.ar\/web\/wp-content\/uploads\/2019\/08\/surtidor_Octuple_Gilbarco_3.jpg\" \/>\n\t<meta property=\"og:image:width\" content=\"640\" \/>\n\t<meta property=\"og:image:height\" content=\"426\" \/>\n\t<meta property=\"og:image:type\" content=\"image\/jpeg\" \/>\n<meta name=\"twitter:card\" content=\"summary_large_image\" \/>\n<meta name=\"twitter:label1\" content=\"Tiempo de lectura\" \/>\n\t<meta name=\"twitter:data1\" content=\"1 minuto\" \/>\n<script type=\"application\/ld+json\" class=\"yoast-schema-graph\">{\"@context\":\"https:\\\/\\\/schema.org\",\"@graph\":[{\"@type\":\"WebPage\",\"@id\":\"https:\\\/\\\/olmedomec.com.ar\\\/web\\\/surtidores\\\/\",\"url\":\"https:\\\/\\\/olmedomec.com.ar\\\/web\\\/surtidores\\\/\",\"name\":\"Reparaci\u00f3n de Surtidores - Olmedo Mec \\\/ .: Sitio Oficial :.\",\"isPartOf\":{\"@id\":\"https:\\\/\\\/olmedomec.com.ar\\\/web\\\/#website\"},\"primaryImageOfPage\":{\"@id\":\"https:\\\/\\\/olmedomec.com.ar\\\/web\\\/surtidores\\\/#primaryimage\"},\"image\":{\"@id\":\"https:\\\/\\\/olmedomec.com.ar\\\/web\\\/surtidores\\\/#primaryimage\"},\"thumbnailUrl\":\"https:\\\/\\\/olmedomec.com.ar\\\/web\\\/wp-content\\\/uploads\\\/2019\\\/08\\\/surtidor_Octuple_Gilbarco_3.jpg\",\"datePublished\":\"2019-08-12T22:41:20+00:00\",\"dateModified\":\"2025-08-26T14:17:12+00:00\",\"description\":\"Reparaci\u00f3n integral del surtidor. Reparaci\u00f3n mec\u00e1nica, electr\u00f3nica y calibraci\u00f3n de los surtidores de combustibles.\",\"breadcrumb\":{\"@id\":\"https:\\\/\\\/olmedomec.com.ar\\\/web\\\/surtidores\\\/#breadcrumb\"},\"inLanguage\":\"es\",\"potentialAction\":[{\"@type\":\"ReadAction\",\"target\":[\"https:\\\/\\\/olmedomec.com.ar\\\/web\\\/surtidores\\\/\"]}]},{\"@type\":\"ImageObject\",\"inLanguage\":\"es\",\"@id\":\"https:\\\/\\\/olmedomec.com.ar\\\/web\\\/surtidores\\\/#primaryimage\",\"url\":\"https:\\\/\\\/olmedomec.com.ar\\\/web\\\/wp-content\\\/uploads\\\/2019\\\/08\\\/surtidor_Octuple_Gilbarco_3.jpg\",\"contentUrl\":\"https:\\\/\\\/olmedomec.com.ar\\\/web\\\/wp-content\\\/uploads\\\/2019\\\/08\\\/surtidor_Octuple_Gilbarco_3.jpg\",\"width\":640,\"height\":426,\"caption\":\"servicio integral en estaciones de servicio\"},{\"@type\":\"BreadcrumbList\",\"@id\":\"https:\\\/\\\/olmedomec.com.ar\\\/web\\\/surtidores\\\/#breadcrumb\",\"itemListElement\":[{\"@type\":\"ListItem\",\"position\":1,\"name\":\"Portada\",\"item\":\"https:\\\/\\\/olmedomec.com.ar\\\/web\\\/\"},{\"@type\":\"ListItem\",\"position\":2,\"name\":\"Reparaci\u00f3n de Surtidores\"}]},{\"@type\":\"WebSite\",\"@id\":\"https:\\\/\\\/olmedomec.com.ar\\\/web\\\/#website\",\"url\":\"https:\\\/\\\/olmedomec.com.ar\\\/web\\\/\",\"name\":\"Olmedo Mec \\\/ .: Sitio Oficial :.\",\"description\":\"Mec\u00e1nico de Surtidores\",\"publisher\":{\"@id\":\"https:\\\/\\\/olmedomec.com.ar\\\/web\\\/#organization\"},\"potentialAction\":[{\"@type\":\"SearchAction\",\"target\":{\"@type\":\"EntryPoint\",\"urlTemplate\":\"https:\\\/\\\/olmedomec.com.ar\\\/web\\\/?s={search_term_string}\"},\"query-input\":{\"@type\":\"PropertyValueSpecification\",\"valueRequired\":true,\"valueName\":\"search_term_string\"}}],\"inLanguage\":\"es\"},{\"@type\":\"Organization\",\"@id\":\"https:\\\/\\\/olmedomec.com.ar\\\/web\\\/#organization\",\"name\":\"Olmedo Mec \\\/ .: Sitio Oficial :.\",\"url\":\"https:\\\/\\\/olmedomec.com.ar\\\/web\\\/\",\"logo\":{\"@type\":\"ImageObject\",\"inLanguage\":\"es\",\"@id\":\"https:\\\/\\\/olmedomec.com.ar\\\/web\\\/#\\\/schema\\\/logo\\\/image\\\/\",\"url\":\"https:\\\/\\\/olmedomec.com.ar\\\/web\\\/wp-content\\\/uploads\\\/2019\\\/08\\\/cropped-olmedologo.png\",\"contentUrl\":\"https:\\\/\\\/olmedomec.com.ar\\\/web\\\/wp-content\\\/uploads\\\/2019\\\/08\\\/cropped-olmedologo.png\",\"width\":189,\"height\":46,\"caption\":\"Olmedo Mec \\\/ .: Sitio Oficial :.\"},\"image\":{\"@id\":\"https:\\\/\\\/olmedomec.com.ar\\\/web\\\/#\\\/schema\\\/logo\\\/image\\\/\"}}]}<\/script>\n<!-- \/ Yoast SEO plugin. -->","yoast_head_json":{"title":"Reparaci\u00f3n de Surtidores - Olmedo Mec \/ .: Sitio Oficial :.","description":"Reparaci\u00f3n integral del surtidor. Reparaci\u00f3n mec\u00e1nica, electr\u00f3nica y calibraci\u00f3n de los surtidores de combustibles.","robots":{"index":"index","follow":"follow","max-snippet":"max-snippet:-1","max-image-preview":"max-image-preview:large","max-video-preview":"max-video-preview:-1"},"canonical":"https:\/\/olmedomec.com.ar\/web\/surtidores\/","og_locale":"es_ES","og_type":"article","og_title":"Reparaci\u00f3n de Surtidores - Olmedo Mec \/ .: Sitio Oficial :.","og_description":"Reparaci\u00f3n integral del surtidor. Reparaci\u00f3n mec\u00e1nica, electr\u00f3nica y calibraci\u00f3n de los surtidores de combustibles.","og_url":"https:\/\/olmedomec.com.ar\/web\/surtidores\/","og_site_name":"Olmedo Mec \/ .: Sitio Oficial :.","article_modified_time":"2025-08-26T14:17:12+00:00","og_image":[{"width":640,"height":426,"url":"https:\/\/olmedomec.com.ar\/web\/wp-content\/uploads\/2019\/08\/surtidor_Octuple_Gilbarco_3.jpg","type":"image\/jpeg"}],"twitter_card":"summary_large_image","twitter_misc":{"Tiempo de lectura":"1 minuto"},"schema":{"@context":"https:\/\/schema.org","@graph":[{"@type":"WebPage","@id":"https:\/\/olmedomec.com.ar\/web\/surtidores\/","url":"https:\/\/olmedomec.com.ar\/web\/surtidores\/","name":"Reparaci\u00f3n de Surtidores - Olmedo Mec \/ .: Sitio Oficial :.","isPartOf":{"@id":"https:\/\/olmedomec.com.ar\/web\/#website"},"primaryImageOfPage":{"@id":"https:\/\/olmedomec.com.ar\/web\/surtidores\/#primaryimage"},"image":{"@id":"https:\/\/olmedomec.com.ar\/web\/surtidores\/#primaryimage"},"thumbnailUrl":"https:\/\/olmedomec.com.ar\/web\/wp-content\/uploads\/2019\/08\/surtidor_Octuple_Gilbarco_3.jpg","datePublished":"2019-08-12T22:41:20+00:00","dateModified":"2025-08-26T14:17:12+00:00","description":"Reparaci\u00f3n integral del surtidor. Reparaci\u00f3n mec\u00e1nica, electr\u00f3nica y calibraci\u00f3n de los surtidores de combustibles.","breadcrumb":{"@id":"https:\/\/olmedomec.com.ar\/web\/surtidores\/#breadcrumb"},"inLanguage":"es","potentialAction":[{"@type":"ReadAction","target":["https:\/\/olmedomec.com.ar\/web\/surtidores\/"]}]},{"@type":"ImageObject","inLanguage":"es","@id":"https:\/\/olmedomec.com.ar\/web\/surtidores\/#primaryimage","url":"https:\/\/olmedomec.com.ar\/web\/wp-content\/uploads\/2019\/08\/surtidor_Octuple_Gilbarco_3.jpg","contentUrl":"https:\/\/olmedomec.com.ar\/web\/wp-content\/uploads\/2019\/08\/surtidor_Octuple_Gilbarco_3.jpg","width":640,"height":426,"caption":"servicio integral en estaciones de servicio"},{"@type":"BreadcrumbList","@id":"https:\/\/olmedomec.com.ar\/web\/surtidores\/#breadcrumb","itemListElement":[{"@type":"ListItem","position":1,"name":"Portada","item":"https:\/\/olmedomec.com.ar\/web\/"},{"@type":"ListItem","position":2,"name":"Reparaci\u00f3n de Surtidores"}]},{"@type":"WebSite","@id":"https:\/\/olmedomec.com.ar\/web\/#website","url":"https:\/\/olmedomec.com.ar\/web\/","name":"Olmedo Mec \/ .: Sitio Oficial :.","description":"Mec\u00e1nico de Surtidores","publisher":{"@id":"https:\/\/olmedomec.com.ar\/web\/#organization"},"potentialAction":[{"@type":"SearchAction","target":{"@type":"EntryPoint","urlTemplate":"https:\/\/olmedomec.com.ar\/web\/?s={search_term_string}"},"query-input":{"@type":"PropertyValueSpecification","valueRequired":true,"valueName":"search_term_string"}}],"inLanguage":"es"},{"@type":"Organization","@id":"https:\/\/olmedomec.com.ar\/web\/#organization","name":"Olmedo Mec \/ .: Sitio Oficial :.","url":"https:\/\/olmedomec.com.ar\/web\/","logo":{"@type":"ImageObject","inLanguage":"es","@id":"https:\/\/olmedomec.com.ar\/web\/#\/schema\/logo\/image\/","url":"https:\/\/olmedomec.com.ar\/web\/wp-content\/uploads\/2019\/08\/cropped-olmedologo.png","contentUrl":"https:\/\/olmedomec.com.ar\/web\/wp-content\/uploads\/2019\/08\/cropped-olmedologo.png","width":189,"height":46,"caption":"Olmedo Mec \/ .: Sitio Oficial :."},"image":{"@id":"https:\/\/olmedomec.com.ar\/web\/#\/schema\/logo\/image\/"}}]}},"_links":{"self":[{"href":"https:\/\/olmedomec.com.ar\/web\/wp-json\/wp\/v2\/pages\/315","targetHints":{"allow":["GET"]}}],"collection":[{"href":"https:\/\/olmedomec.com.ar\/web\/wp-json\/wp\/v2\/pages"}],"about":[{"href":"https:\/\/olmedomec.com.ar\/web\/wp-json\/wp\/v2\/types\/page"}],"author":[{"embeddable":true,"href":"https:\/\/olmedomec.com.ar\/web\/wp-json\/wp\/v2\/users\/2"}],"replies":[{"embeddable":true,"href":"https:\/\/olmedomec.com.ar\/web\/wp-json\/wp\/v2\/comments?post=315"}],"version-history":[{"count":7,"href":"https:\/\/olmedomec.com.ar\/web\/wp-json\/wp\/v2\/pages\/315\/revisions"}],"predecessor-version":[{"id":529,"href":"https:\/\/olmedomec.com.ar\/web\/wp-json\/wp\/v2\/pages\/315\/revisions\/529"}],"wp:featuredmedia":[{"embeddable":true,"href":"https:\/\/olmedomec.com.ar\/web\/wp-json\/wp\/v2\/media\/324"}],"wp:attachment":[{"href":"https:\/\/olmedomec.com.ar\/web\/wp-json\/wp\/v2\/media?parent=315"}],"curies":[{"name":"wp","href":"https:\/\/api.w.org\/{rel}","templated":true}]}}