{"id":331,"date":"2019-08-11T13:43:05","date_gmt":"2019-08-11T13:43:05","guid":{"rendered":"http:\/\/olmedomec.com.ar\/web\/?page_id=331"},"modified":"2025-07-24T23:05:45","modified_gmt":"2025-07-24T23:05:45","slug":"instalacion-de-tableros","status":"publish","type":"page","link":"https:\/\/olmedomec.com.ar\/web\/instalacion-de-tableros\/","title":{"rendered":"Instalaci\u00f3n de Tableros"},"content":{"rendered":"\n<p>Instalaciones el\u00e9ctricas de acuerdo a las normas IRAM y a las Normas de Seguridad e Higiene, con especial cuidado del Medio Ambiente.<\/p>\n\n\n\n<p>Todas las instalaciones se realizar\u00e1n con la utilizaci\u00f3n de Materiales A.P.E.<\/p>\n","protected":false},"excerpt":{"rendered":"<p>Instalaciones el\u00e9ctricas de acuerdo a las normas IRAM y a las Normas de Seguridad e Higiene, con especial cuidado del Medio Ambiente. Todas las instalaciones<\/p>\n","protected":false},"author":2,"featured_media":332,"parent":0,"menu_order":0,"comment_status":"closed","ping_status":"closed","template":"page-templates\/template-services.php","meta":{"_monsterinsights_skip_tracking":false,"_monsterinsights_sitenote_active":false,"_monsterinsights_sitenote_note":"","_monsterinsights_sitenote_category":0,"_joinchat":[],"footnotes":""},"class_list":["post-331","page","type-page","status-publish","has-post-thumbnail","hentry"],"yoast_head":"<!-- This site is optimized with the Yoast SEO plugin v27.4 - https:\/\/yoast.com\/product\/yoast-seo-wordpress\/ -->\n<title>Instalaci\u00f3n de Tableros - Olmedo Mec \/ .: Sitio Oficial :.<\/title>\n<meta name=\"description\" content=\"Olmedo Mec \/ .: Sitio Oficial :. - Instalaci\u00f3n de Tableros Servicio de reparaci\u00f3n electr\u00f3nica\" \/>\n<meta name=\"robots\" content=\"index, follow, max-snippet:-1, max-image-preview:large, max-video-preview:-1\" \/>\n<link rel=\"canonical\" href=\"https:\/\/olmedomec.com.ar\/web\/instalacion-de-tableros\/\" \/>\n<meta property=\"og:locale\" content=\"es_ES\" \/>\n<meta property=\"og:type\" content=\"article\" \/>\n<meta property=\"og:title\" content=\"Instalaci\u00f3n de Tableros - Olmedo Mec \/ .: Sitio Oficial :.\" \/>\n<meta property=\"og:description\" content=\"Olmedo Mec \/ .: Sitio Oficial :. - Instalaci\u00f3n de Tableros Servicio de reparaci\u00f3n electr\u00f3nica\" \/>\n<meta property=\"og:url\" content=\"https:\/\/olmedomec.com.ar\/web\/instalacion-de-tableros\/\" \/>\n<meta property=\"og:site_name\" content=\"Olmedo Mec \/ .: Sitio Oficial :.\" \/>\n<meta property=\"article:modified_time\" content=\"2025-07-24T23:05:45+00:00\" \/>\n<meta property=\"og:image\" content=\"https:\/\/olmedomec.com.ar\/web\/wp-content\/uploads\/2019\/08\/tablero_electrico_1.jpg\" \/>\n\t<meta property=\"og:image:width\" content=\"710\" \/>\n\t<meta property=\"og:image:height\" content=\"440\" \/>\n\t<meta property=\"og:image:type\" content=\"image\/jpeg\" \/>\n<meta name=\"twitter:card\" content=\"summary_large_image\" \/>\n<meta name=\"twitter:label1\" content=\"Tiempo de lectura\" \/>\n\t<meta name=\"twitter:data1\" content=\"1 minuto\" \/>\n<script type=\"application\/ld+json\" class=\"yoast-schema-graph\">{\"@context\":\"https:\\\/\\\/schema.org\",\"@graph\":[{\"@type\":\"WebPage\",\"@id\":\"https:\\\/\\\/olmedomec.com.ar\\\/web\\\/instalacion-de-tableros\\\/\",\"url\":\"https:\\\/\\\/olmedomec.com.ar\\\/web\\\/instalacion-de-tableros\\\/\",\"name\":\"Instalaci\u00f3n de Tableros - Olmedo Mec \\\/ .: Sitio Oficial :.\",\"isPartOf\":{\"@id\":\"https:\\\/\\\/olmedomec.com.ar\\\/web\\\/#website\"},\"primaryImageOfPage\":{\"@id\":\"https:\\\/\\\/olmedomec.com.ar\\\/web\\\/instalacion-de-tableros\\\/#primaryimage\"},\"image\":{\"@id\":\"https:\\\/\\\/olmedomec.com.ar\\\/web\\\/instalacion-de-tableros\\\/#primaryimage\"},\"thumbnailUrl\":\"https:\\\/\\\/olmedomec.com.ar\\\/web\\\/wp-content\\\/uploads\\\/2019\\\/08\\\/tablero_electrico_1.jpg\",\"datePublished\":\"2019-08-11T13:43:05+00:00\",\"dateModified\":\"2025-07-24T23:05:45+00:00\",\"description\":\"Olmedo Mec \\\/ .: Sitio Oficial :. - Instalaci\u00f3n de Tableros Servicio de reparaci\u00f3n electr\u00f3nica\",\"breadcrumb\":{\"@id\":\"https:\\\/\\\/olmedomec.com.ar\\\/web\\\/instalacion-de-tableros\\\/#breadcrumb\"},\"inLanguage\":\"es\",\"potentialAction\":[{\"@type\":\"ReadAction\",\"target\":[\"https:\\\/\\\/olmedomec.com.ar\\\/web\\\/instalacion-de-tableros\\\/\"]}]},{\"@type\":\"ImageObject\",\"inLanguage\":\"es\",\"@id\":\"https:\\\/\\\/olmedomec.com.ar\\\/web\\\/instalacion-de-tableros\\\/#primaryimage\",\"url\":\"https:\\\/\\\/olmedomec.com.ar\\\/web\\\/wp-content\\\/uploads\\\/2019\\\/08\\\/tablero_electrico_1.jpg\",\"contentUrl\":\"https:\\\/\\\/olmedomec.com.ar\\\/web\\\/wp-content\\\/uploads\\\/2019\\\/08\\\/tablero_electrico_1.jpg\",\"width\":710,\"height\":440,\"caption\":\"Soluciones integrales para estaciones de servicio.\"},{\"@type\":\"BreadcrumbList\",\"@id\":\"https:\\\/\\\/olmedomec.com.ar\\\/web\\\/instalacion-de-tableros\\\/#breadcrumb\",\"itemListElement\":[{\"@type\":\"ListItem\",\"position\":1,\"name\":\"Portada\",\"item\":\"https:\\\/\\\/olmedomec.com.ar\\\/web\\\/\"},{\"@type\":\"ListItem\",\"position\":2,\"name\":\"Instalaci\u00f3n de Tableros\"}]},{\"@type\":\"WebSite\",\"@id\":\"https:\\\/\\\/olmedomec.com.ar\\\/web\\\/#website\",\"url\":\"https:\\\/\\\/olmedomec.com.ar\\\/web\\\/\",\"name\":\"Olmedo Mec \\\/ .: Sitio Oficial :.\",\"description\":\"Mec\u00e1nico de Surtidores\",\"publisher\":{\"@id\":\"https:\\\/\\\/olmedomec.com.ar\\\/web\\\/#organization\"},\"potentialAction\":[{\"@type\":\"SearchAction\",\"target\":{\"@type\":\"EntryPoint\",\"urlTemplate\":\"https:\\\/\\\/olmedomec.com.ar\\\/web\\\/?s={search_term_string}\"},\"query-input\":{\"@type\":\"PropertyValueSpecification\",\"valueRequired\":true,\"valueName\":\"search_term_string\"}}],\"inLanguage\":\"es\"},{\"@type\":\"Organization\",\"@id\":\"https:\\\/\\\/olmedomec.com.ar\\\/web\\\/#organization\",\"name\":\"Olmedo Mec \\\/ .: Sitio Oficial :.\",\"url\":\"https:\\\/\\\/olmedomec.com.ar\\\/web\\\/\",\"logo\":{\"@type\":\"ImageObject\",\"inLanguage\":\"es\",\"@id\":\"https:\\\/\\\/olmedomec.com.ar\\\/web\\\/#\\\/schema\\\/logo\\\/image\\\/\",\"url\":\"https:\\\/\\\/olmedomec.com.ar\\\/web\\\/wp-content\\\/uploads\\\/2019\\\/08\\\/cropped-olmedologo.png\",\"contentUrl\":\"https:\\\/\\\/olmedomec.com.ar\\\/web\\\/wp-content\\\/uploads\\\/2019\\\/08\\\/cropped-olmedologo.png\",\"width\":189,\"height\":46,\"caption\":\"Olmedo Mec \\\/ .: Sitio Oficial :.\"},\"image\":{\"@id\":\"https:\\\/\\\/olmedomec.com.ar\\\/web\\\/#\\\/schema\\\/logo\\\/image\\\/\"}}]}<\/script>\n<!-- \/ Yoast SEO plugin. -->","yoast_head_json":{"title":"Instalaci\u00f3n de Tableros - Olmedo Mec \/ .: Sitio Oficial :.","description":"Olmedo Mec \/ .: Sitio Oficial :. - Instalaci\u00f3n de Tableros Servicio de reparaci\u00f3n electr\u00f3nica","robots":{"index":"index","follow":"follow","max-snippet":"max-snippet:-1","max-image-preview":"max-image-preview:large","max-video-preview":"max-video-preview:-1"},"canonical":"https:\/\/olmedomec.com.ar\/web\/instalacion-de-tableros\/","og_locale":"es_ES","og_type":"article","og_title":"Instalaci\u00f3n de Tableros - Olmedo Mec \/ .: Sitio Oficial :.","og_description":"Olmedo Mec \/ .: Sitio Oficial :. - Instalaci\u00f3n de Tableros Servicio de reparaci\u00f3n electr\u00f3nica","og_url":"https:\/\/olmedomec.com.ar\/web\/instalacion-de-tableros\/","og_site_name":"Olmedo Mec \/ .: Sitio Oficial :.","article_modified_time":"2025-07-24T23:05:45+00:00","og_image":[{"width":710,"height":440,"url":"https:\/\/olmedomec.com.ar\/web\/wp-content\/uploads\/2019\/08\/tablero_electrico_1.jpg","type":"image\/jpeg"}],"twitter_card":"summary_large_image","twitter_misc":{"Tiempo de lectura":"1 minuto"},"schema":{"@context":"https:\/\/schema.org","@graph":[{"@type":"WebPage","@id":"https:\/\/olmedomec.com.ar\/web\/instalacion-de-tableros\/","url":"https:\/\/olmedomec.com.ar\/web\/instalacion-de-tableros\/","name":"Instalaci\u00f3n de Tableros - Olmedo Mec \/ .: Sitio Oficial :.","isPartOf":{"@id":"https:\/\/olmedomec.com.ar\/web\/#website"},"primaryImageOfPage":{"@id":"https:\/\/olmedomec.com.ar\/web\/instalacion-de-tableros\/#primaryimage"},"image":{"@id":"https:\/\/olmedomec.com.ar\/web\/instalacion-de-tableros\/#primaryimage"},"thumbnailUrl":"https:\/\/olmedomec.com.ar\/web\/wp-content\/uploads\/2019\/08\/tablero_electrico_1.jpg","datePublished":"2019-08-11T13:43:05+00:00","dateModified":"2025-07-24T23:05:45+00:00","description":"Olmedo Mec \/ .: Sitio Oficial :. - Instalaci\u00f3n de Tableros Servicio de reparaci\u00f3n electr\u00f3nica","breadcrumb":{"@id":"https:\/\/olmedomec.com.ar\/web\/instalacion-de-tableros\/#breadcrumb"},"inLanguage":"es","potentialAction":[{"@type":"ReadAction","target":["https:\/\/olmedomec.com.ar\/web\/instalacion-de-tableros\/"]}]},{"@type":"ImageObject","inLanguage":"es","@id":"https:\/\/olmedomec.com.ar\/web\/instalacion-de-tableros\/#primaryimage","url":"https:\/\/olmedomec.com.ar\/web\/wp-content\/uploads\/2019\/08\/tablero_electrico_1.jpg","contentUrl":"https:\/\/olmedomec.com.ar\/web\/wp-content\/uploads\/2019\/08\/tablero_electrico_1.jpg","width":710,"height":440,"caption":"Soluciones integrales para estaciones de servicio."},{"@type":"BreadcrumbList","@id":"https:\/\/olmedomec.com.ar\/web\/instalacion-de-tableros\/#breadcrumb","itemListElement":[{"@type":"ListItem","position":1,"name":"Portada","item":"https:\/\/olmedomec.com.ar\/web\/"},{"@type":"ListItem","position":2,"name":"Instalaci\u00f3n de Tableros"}]},{"@type":"WebSite","@id":"https:\/\/olmedomec.com.ar\/web\/#website","url":"https:\/\/olmedomec.com.ar\/web\/","name":"Olmedo Mec \/ .: Sitio Oficial :.","description":"Mec\u00e1nico de Surtidores","publisher":{"@id":"https:\/\/olmedomec.com.ar\/web\/#organization"},"potentialAction":[{"@type":"SearchAction","target":{"@type":"EntryPoint","urlTemplate":"https:\/\/olmedomec.com.ar\/web\/?s={search_term_string}"},"query-input":{"@type":"PropertyValueSpecification","valueRequired":true,"valueName":"search_term_string"}}],"inLanguage":"es"},{"@type":"Organization","@id":"https:\/\/olmedomec.com.ar\/web\/#organization","name":"Olmedo Mec \/ .: Sitio Oficial :.","url":"https:\/\/olmedomec.com.ar\/web\/","logo":{"@type":"ImageObject","inLanguage":"es","@id":"https:\/\/olmedomec.com.ar\/web\/#\/schema\/logo\/image\/","url":"https:\/\/olmedomec.com.ar\/web\/wp-content\/uploads\/2019\/08\/cropped-olmedologo.png","contentUrl":"https:\/\/olmedomec.com.ar\/web\/wp-content\/uploads\/2019\/08\/cropped-olmedologo.png","width":189,"height":46,"caption":"Olmedo Mec \/ .: Sitio Oficial :."},"image":{"@id":"https:\/\/olmedomec.com.ar\/web\/#\/schema\/logo\/image\/"}}]}},"_links":{"self":[{"href":"https:\/\/olmedomec.com.ar\/web\/wp-json\/wp\/v2\/pages\/331","targetHints":{"allow":["GET"]}}],"collection":[{"href":"https:\/\/olmedomec.com.ar\/web\/wp-json\/wp\/v2\/pages"}],"about":[{"href":"https:\/\/olmedomec.com.ar\/web\/wp-json\/wp\/v2\/types\/page"}],"author":[{"embeddable":true,"href":"https:\/\/olmedomec.com.ar\/web\/wp-json\/wp\/v2\/users\/2"}],"replies":[{"embeddable":true,"href":"https:\/\/olmedomec.com.ar\/web\/wp-json\/wp\/v2\/comments?post=331"}],"version-history":[{"count":4,"href":"https:\/\/olmedomec.com.ar\/web\/wp-json\/wp\/v2\/pages\/331\/revisions"}],"predecessor-version":[{"id":535,"href":"https:\/\/olmedomec.com.ar\/web\/wp-json\/wp\/v2\/pages\/331\/revisions\/535"}],"wp:featuredmedia":[{"embeddable":true,"href":"https:\/\/olmedomec.com.ar\/web\/wp-json\/wp\/v2\/media\/332"}],"wp:attachment":[{"href":"https:\/\/olmedomec.com.ar\/web\/wp-json\/wp\/v2\/media?parent=331"}],"curies":[{"name":"wp","href":"https:\/\/api.w.org\/{rel}","templated":true}]}}