{"id":560,"date":"2019-10-26T17:52:46","date_gmt":"2019-10-26T17:52:46","guid":{"rendered":"http:\/\/olmedomec.com.ar\/web\/?page_id=560"},"modified":"2025-08-26T15:33:58","modified_gmt":"2025-08-26T15:33:58","slug":"politicas-privacidad","status":"publish","type":"page","link":"https:\/\/olmedomec.com.ar\/web\/politicas-privacidad\/","title":{"rendered":"POL\u00cdTICAS DE PRIVACIDAD"},"content":{"rendered":"\n<h3 class=\"wp-block-heading\"> Los alentamos a leer esta Pol\u00edtica de Privacidad en forma completa, la que contiene las siguientes secciones: <\/h3>\n\n\n\n<p class=\"has-medium-font-size\"><strong>C\u00f3mo protegemos sus Datos Personales<\/strong><\/p>\n\n\n\n<p class=\"has-medium-font-size\">OLMEDOMEC.COM.AR\nusa un sistema de seguridad llamado SSL (Secure Socket Layer), provisto por Secured\nby positive SSL, que encripta la informaci\u00f3n que Ud. ingresa al Sitio, para\nrealizar transacciones electr\u00f3nicas seguras, lo que significa que toda tu\ninformaci\u00f3n personal no podr\u00e1 ser le\u00edda ni capturada por terceros mientras\nviaja por la red.<\/p>\n\n\n\n<p class=\"has-medium-font-size\">Sin embargo,\nning\u00fan m\u00e9todo de transmisi\u00f3n dentro de Internet o m\u00e9todo de almacenamiento\nelectr\u00f3nico es completamente seguro y no podemos garantizar su seguridad\nabsoluta. Ud. puede colaborar con su seguridad adoptando unas pocas simples\nprecauciones. Por ejemplo, es importante protegerse contra un acceso no\nautorizado a su computadora o a cualquier usuario y contrase\u00f1a de los servicios\nde OLMEDOMEC.COM.AR, y asegurarse de cerrar sesi\u00f3n cuando haya finalizado de\nusar una computadora compartida.<\/p>\n\n\n\n<p class=\"has-medium-font-size\"><strong>Compromiso con la Seguridad<\/strong><\/p>\n\n\n\n<p class=\"has-medium-font-size\">En relaci\u00f3n\na nuestro sitio web OLMEDOMEC.COM.AR hace esta declaraci\u00f3n de seguridad y\nprivacidad en orden a demostrar y comunicar su compromiso con una pr\u00e1ctica de\nnegocios de alto nivel \u00e9tico, y dotada de los controles internos apropiados.<\/p>\n\n\n\n<p class=\"has-medium-font-size\"><strong>Informaci\u00f3n requerida del usuario<\/strong><\/p>\n\n\n\n<p class=\"has-medium-font-size\"><strong>Informaci\u00f3n de contacto.<\/strong> Recolectamos y almacenamos la informaci\u00f3n de contacto personal que Ud. nos provee voluntariamente al suscribirse a nuestros productos o servicios o a cualquiera de nuestras listas de correo.<\/p>\n\n\n\n<p class=\"has-medium-font-size\">El\nformulario \u201cContacto\u201d de nuestro sitio web, pide a los usuarios informaci\u00f3n\ncomo su nombre, direcci\u00f3n postal, direcci\u00f3n web, n\u00famero telef\u00f3nico, n\u00famero de\nfax y direcci\u00f3n de correo electr\u00f3nico. Esta informaci\u00f3n es usada para responder\nlas consultas acerca de nuestros productos y servicios, y para mantener\ncontacto con nuestros clientes.<\/p>\n\n\n\n<p class=\"has-medium-font-size\">Adicionalmente,\nrecolectamos informaci\u00f3n de contacto que nos haya sido provista durante\ncualquier intercambio de correspondencia relacionada con atenci\u00f3n al cliente,\nas\u00ed como aquella relacionada con los productos y servicios ofrecidos en\nnuestros Sitios.<\/p>\n\n\n\n<p class=\"has-medium-font-size\"><strong>C\u00f3mo usamos sus Datos Personales<\/strong><\/p>\n\n\n\n<p class=\"has-medium-font-size\">Utilizamos\nesta informaci\u00f3n para contactarnos con Ud. y satisfacer sus pedidos, como por\nejemplo:<\/p>\n\n\n\n<ul class=\"wp-block-list\">\n<li>Enviarle la informaci\u00f3n del servicio que sea requerida<\/li>\n\n\n\n<li>Dar cumplimento a sus pedidos<\/li>\n\n\n\n<li>Facturar sus productos y \/o Servicios<\/li>\n\n\n\n<li>Crear directorios o gu\u00edas telef\u00f3nicas<\/li>\n\n\n\n<li>Responder a solicitudes de clientes de servicios, preguntas y consultas<\/li>\n\n\n\n<li>Administrar su cuenta<\/li>\n<\/ul>\n\n\n\n<p class=\"has-medium-font-size\">Advierta\nque, generalmente, Ud. no podr\u00e1 solicitar ser excluido de estas comunicaciones,\nque son de naturaleza transaccional y no promocional. Si Ud. no desea\nrecibirlas, Ud. tiene la alternativa de cancelar nuestros servicios.<\/p>\n\n\n\n<p class=\"has-medium-font-size\">Bajo ninguna\ncircunstancia, esta informaci\u00f3n es compartida con empresas no relacionadas con OLMEDOMEC.\nContratamos otras compa\u00f1\u00edas, individuos para que lleven a cabo ciertas\nfunciones y servicios para Ud. Estos terceros:<\/p>\n\n\n\n<ul class=\"wp-block-list\">\n<li>procesan pagos de tarjetas de cr\u00e9dito<\/li>\n\n\n\n<li>proveen asistencia en marketing<\/li>\n\n\n\n<li>eliminan informaci\u00f3n duplicada de listas de clientes<\/li>\n<\/ul>\n\n\n\n<p class=\"has-medium-font-size\"><strong>Para contactarlo.<\/strong> Si Ud. ha prestado su consentimiento para recibir correos electr\u00f3nicos, o marketing v\u00eda telef\u00f3nica o SMS, o si nos ha suministrado su informaci\u00f3n postal, podremos utilizar los datos personales suministrados para contactarlo ocasionalmente. Si Ud. se registra en el Sitio, Ud. puede optar por proveer su consentimiento para recibir comunicaciones de marketing, comunicaciones por e-mail, tel\u00e9fono fijo y\/o celular (incluyendo el uso de equipos automatizados de marcaci\u00f3n y\/o llamadas pre-grabadas), mensaje de texto (SMS), redes sociales y cualquier otra forma de comunicaci\u00f3n que su dispositivo sea capaz de recibir (por ej. video, etc.). Si Ud. no desea recibir comunicaciones postales o electr\u00f3nicas, puede retirar su consentimiento en cualquier momento, haciendo clic en el enlace de desuscripci\u00f3n al pie de la comunicaci\u00f3n, o llamando a cualquiera de los tel\u00e9fonos publicados en nuestro sitio, por email. Tambi\u00e9n puedes solicitarlo a trav\u00e9s del <a href=\"https:\/\/olmedomec.com.ar\/web\/\">formulario de contacto<\/a>.<\/p>\n\n\n\n<p class=\"has-medium-font-size\"><strong>Links con otros sitios<\/strong><\/p>\n\n\n\n<p class=\"has-medium-font-size\">Este sitio\npuede contener links a otros sitios. OLMEDOMEC.COM.AR no es responsable de las\npr\u00e1cticas de seguridad o privacidad, o el contenido de esos sitios. Asimismo, OLMEDOMEC.COM.AR\nno avala ning\u00fan producto o servicio ofrecido en dichos sitios.<\/p>\n\n\n\n<p class=\"has-medium-font-size\">Recomendamos\nque Ud. revise las pol\u00edticas de privacidad de todo Servicio online que utilice\nantes de suministrar cualquier dato personal y que dirija cualquier inquietud\nal Sitio administrador de dicho sitio.<\/p>\n\n\n\n<p class=\"has-medium-font-size\"><strong>Datos Personales<\/strong><\/p>\n\n\n\n<p class=\"has-medium-font-size\"><strong>Menores de edad<\/strong><\/p>\n\n\n\n<p class=\"has-medium-font-size\">Ud. Deber\u00e1\ntener por lo menos 18 a\u00f1os de edad para registrarse online o para adquirir\nnuestros bienes o servicios. OLMEDOMEC.COM.AR no recolecta a sabiendas\ninformaci\u00f3n de menores de menos de 18 a\u00f1os de edad.<\/p>\n\n\n\n<p class=\"has-medium-font-size\"><strong>Por cu\u00e1nto tiempo almacenamos sus Datos Personales<\/strong><\/p>\n\n\n\n<p class=\"has-medium-font-size\">Almacenamos\nla informaci\u00f3n por el tiempo que sea necesario a fin de proveerle nuestros\nservicios, manejar nuestro negocio o seg\u00fan sea requerido por ley o contrato. En\ncaso de que Ud. haya celebrado un contrato con nosotros, almacenaremos sus\ndatos durante la duraci\u00f3n del contrato, y retendremos esa informaci\u00f3n por el\nper\u00edodo de tiempo necesario de acuerdo a nuestras responsabilidades legales o\nregulatorias, y luego de que Ud. d\u00e9 de baja todos sus servicios con nosotros a\nfin de resolver disputas, solicitar el cumplimiento de nuestro Acuerdo de\nServicios, y adherir a los requerimientos legales y t\u00e9cnicos relacionados con\nla seguridad, integridad y operaci\u00f3n de los Sitios.<\/p>\n\n\n\n<p class=\"has-medium-font-size\">Los datos\nser\u00e1n almacenados fuera de la UE.<\/p>\n\n\n\n<p class=\"has-medium-font-size\"><strong>Sus Derechos en relaci\u00f3n con sus Datos Personales<\/strong><\/p>\n\n\n\n<p class=\"has-medium-font-size\">El usuario dispondr\u00e1 en todo momento de los derechos de informaci\u00f3n, rectificaci\u00f3n y cancelaci\u00f3n de los datos personales conforme a la Ley N\u00ba 25.326 sobre protecci\u00f3n de datos de car\u00e1cter personal. Asimismo, si desea modificar su informaci\u00f3n personal, lo puede hacer llamando a cualquiera de los tel\u00e9fonos publicados en nuestro sitio, por email. Tambi\u00e9n puedes solicitarlo a trav\u00e9s del <a href=\"https:\/\/olmedomec.com.ar\/web\/\">formulario de contacto<\/a><\/p>\n\n\n\n<p class=\"has-medium-font-size\">Sus derechos\nrelativos a sus datos personales se encuentran limitados en ciertas\nsituaciones. Por ejemplo, si recibimos un requerimiento legal o ante motivos\nleg\u00edtimos imperiosos podremos continuar procesando su informaci\u00f3n. Le proveeremos\ninformaci\u00f3n respecto de si existen l\u00edmites o excepciones que resulten\naplicables ante cualquier reclamo que formule.<\/p>\n\n\n\n<p class=\"has-medium-font-size\"><strong>Con qui\u00e9n compartimos sus Datos Personales<\/strong><\/p>\n\n\n\n<p class=\"has-medium-font-size\">Suministramos\nsus Datos personales a empresas que nos ayudan con nuestras actividades comerciales\n(por ej. que nos asisten con las operaciones del Sitio, proveen servicios al\ncliente, etc.) o que nos asisten en mejorar nuestros productos, contenidos,\nservicios o publicidad. Estas empresas est\u00e1n autorizadas a usar sus datos\npersonales s\u00f3lo en cuanto sea necesario para proveer dichos servicios,\nasegurando que estos ser\u00e1n manejados en forma absolutamente confidencial y\nconforme lo dispone la legislaci\u00f3n vigente.<\/p>\n\n\n\n<p class=\"has-medium-font-size\">Tambi\u00e9n\ncompartiremos sus datos personales:<\/p>\n\n\n\n<ul class=\"wp-block-list\">\n<li>Seg\u00fan sea requerido por ley, orden judicial, o por cualquier otra autoridad gubernamental\u00a0 a fin de hacer cumplir o aplicar nuestro Acuerdo de Servicios.<\/li>\n\n\n\n<li>Cuando creamos de buena fe que dicha revelaci\u00f3n es necesaria a fin de proteger sus derechos, proteger su seguridad o la seguridad de otros, investigar fraude o responder un pedido gubernamental. Esto incluye el intercambio de informaci\u00f3n a los fines de la aplicaci\u00f3n de la ley, con otras empresas y organizaciones para la protecci\u00f3n anti-fraude, reducci\u00f3n de riesgo crediticio o a fines an\u00e1logos.<\/li>\n\n\n\n<li>En relaci\u00f3n con una  modificaci\u00f3n societaria incluyendo una fusi\u00f3n, adquisici\u00f3n, transferencia o venta de activos o en relaci\u00f3n con insolvencia, quiebra o liquidaci\u00f3n. Informaci\u00f3n respecto de nuestros usuarios, incluyendo informaci\u00f3n de clientes, tambi\u00e9n deber\u00e1 ser develada a nuestros asesores legales y financieros, inversores o potenciales compradores en ciertas transacciones comerciales que tengan por objeto financiaci\u00f3n, inversi\u00f3n o apoyo.<\/li>\n<\/ul>\n\n\n\n<p class=\"has-medium-font-size\"><strong>Cambios a esta Pol\u00edtica<\/strong><\/p>\n\n\n\n<p class=\"has-medium-font-size\">Nosotros\npodremos modificar esta Pol\u00edtica de Privacidad en cualquier momento, y\ncomunicaremos cualquier cambio a esta Pol\u00edtica v\u00eda correo electr\u00f3nico a los\nusuarios que hayan provisto una direcci\u00f3n de correo electr\u00f3nico en nuestro\nSitio con anterioridad a que el cambio entre en vigor.<\/p>\n\n\n\n<p class=\"has-medium-font-size\"><strong>POLITICAS DE COOKIES<\/strong><\/p>\n\n\n\n<p class=\"has-medium-font-size\"><strong>\u00bfQu\u00e9 son las cookies?<\/strong><\/p>\n\n\n\n<p class=\"has-medium-font-size\">Una cookie\nes un peque\u00f1o fragmento de texto que un sitio web solicita al navegador que\nguarde en tu ordenador, tablet, smartphone, o incluso cualquier dispositivo que\nte permita navegar p\u00e1ginas web. Gracias a esas cookies, el sitio web puede\n\u201crecordar\u201d las acciones o preferencias del usuario con el paso del tiempo.\nNuestros sitios web (OLMEDOMEC.COM.AR) dependen de algunas cookies\n\u201cestrictamente necesarias\u201d para su normal funcionamiento.<\/p>\n\n\n\n<p class=\"has-medium-font-size\">La mayor\u00eda\nde los navegadores de internet admiten cookies; pero los usuarios pueden\nconfigurarlos para que no admitan determinados tipos de cookies o cookies\nespecificas. Los usuarios tambi\u00e9n pueden eliminar las cookies en cualquier\nmomento, aunque es desaconsejable restringirlas totalmente.<\/p>\n\n\n\n<p class=\"has-medium-font-size\">OLMEDOMEC,\nutiliza los servicios de Google Analytics y Search Console.<\/p>\n\n\n\n<p class=\"has-medium-font-size\"><strong>\u00bfPor qu\u00e9 son importantes?<\/strong><\/p>\n\n\n\n<p class=\"has-medium-font-size\">El website\npuede utilizar un sistema de seguimiento mediante \u201ccookies\u201d, para que el acceso\na la informaci\u00f3n, al pasar de p\u00e1gina en p\u00e1gina, se realice con mayor rapidez.\nTambi\u00e9n ayuda en algunos casos a identificar a los Usuarios, sin necesidad de\nsolicitarles la clave de acceso una y otra vez.<\/p>\n\n\n\n<p class=\"has-medium-font-size\">El sistema\npodr\u00e1 recoger informaci\u00f3n sobre sus preferencias e intereses. En el caso de que\nesto ocurra, la informaci\u00f3n ser\u00e1 utilizada exclusivamente con fines\nestad\u00edsticos para mejorar los servicios que se prestan en el website.<\/p>\n\n\n\n<p class=\"has-medium-font-size\">OLMEDOMEC.COM.AR\naplicar\u00e1, en la mayor medida en que sea posible, procedimientos de disociaci\u00f3n\nde la informaci\u00f3n de modo que los titulares de los datos sean inidentificables.<\/p>\n\n\n\n<p class=\"has-medium-font-size\"><strong>Contacto<\/strong><\/p>\n\n\n\n<p class=\"has-medium-font-size\">\u00daltima\nactualizaci\u00f3n: 26 de Octubre de 2019.<\/p>\n\n\n\n<p class=\"has-medium-font-size\">Si Ud. tiene\nalg\u00fan interrogante o inquietudes respecto de esta Pol\u00edtica de Privacidad, Ud.\npuede contactarnos llamando a cualquiera de los tel\u00e9fonos publicados en <a href=\"https:\/\/olmedomec.com.ar\/web\/\">nuestro sitio<\/a>, por email. Tambi\u00e9n puedes solicitarlo a trav\u00e9s del <a href=\"https:\/\/olmedomec.com.ar\/web\/\">formulario de contacto<\/a>.<\/p>\n\n\n\n<p><\/p>\n","protected":false},"excerpt":{"rendered":"<p>Los alentamos a leer esta Pol\u00edtica de Privacidad en forma completa, la que contiene las siguientes secciones: C\u00f3mo protegemos sus Datos Personales OLMEDOMEC.COM.AR usa un<\/p>\n","protected":false},"author":2,"featured_media":0,"parent":0,"menu_order":0,"comment_status":"closed","ping_status":"closed","template":"","meta":{"_monsterinsights_skip_tracking":false,"_monsterinsights_sitenote_active":false,"_monsterinsights_sitenote_note":"","_monsterinsights_sitenote_category":0,"_joinchat":[],"footnotes":""},"class_list":["post-560","page","type-page","status-publish","hentry"],"yoast_head":"<!-- This site is optimized with the Yoast SEO plugin v27.4 - https:\/\/yoast.com\/product\/yoast-seo-wordpress\/ -->\n<title>POL\u00cdTICAS DE PRIVACIDAD - Olmedo Mec \/ .: Sitio Oficial :.<\/title>\n<meta name=\"description\" content=\"Leer nuestras pol\u00edticas de privacidad y cookies, como utilizamos los datos que comparten a trav\u00e9s de nuestra p\u00e1gina web olmedomec.com.ar\" \/>\n<meta name=\"robots\" content=\"index, follow, max-snippet:-1, max-image-preview:large, max-video-preview:-1\" \/>\n<link rel=\"canonical\" href=\"https:\/\/olmedomec.com.ar\/web\/politicas-privacidad\/\" \/>\n<meta property=\"og:locale\" content=\"es_ES\" \/>\n<meta property=\"og:type\" content=\"article\" \/>\n<meta property=\"og:title\" content=\"POL\u00cdTICAS DE PRIVACIDAD - Olmedo Mec \/ .: Sitio Oficial :.\" \/>\n<meta property=\"og:description\" content=\"Leer nuestras pol\u00edticas de privacidad y cookies, como utilizamos los datos que comparten a trav\u00e9s de nuestra p\u00e1gina web olmedomec.com.ar\" \/>\n<meta property=\"og:url\" content=\"https:\/\/olmedomec.com.ar\/web\/politicas-privacidad\/\" \/>\n<meta property=\"og:site_name\" content=\"Olmedo Mec \/ .: Sitio Oficial :.\" \/>\n<meta property=\"article:modified_time\" content=\"2025-08-26T15:33:58+00:00\" \/>\n<meta name=\"twitter:card\" content=\"summary_large_image\" \/>\n<meta name=\"twitter:label1\" content=\"Tiempo de lectura\" \/>\n\t<meta name=\"twitter:data1\" content=\"7 minutos\" \/>\n<script type=\"application\/ld+json\" class=\"yoast-schema-graph\">{\"@context\":\"https:\\\/\\\/schema.org\",\"@graph\":[{\"@type\":\"WebPage\",\"@id\":\"https:\\\/\\\/olmedomec.com.ar\\\/web\\\/politicas-privacidad\\\/\",\"url\":\"https:\\\/\\\/olmedomec.com.ar\\\/web\\\/politicas-privacidad\\\/\",\"name\":\"POL\u00cdTICAS DE PRIVACIDAD - Olmedo Mec \\\/ .: Sitio Oficial :.\",\"isPartOf\":{\"@id\":\"https:\\\/\\\/olmedomec.com.ar\\\/web\\\/#website\"},\"datePublished\":\"2019-10-26T17:52:46+00:00\",\"dateModified\":\"2025-08-26T15:33:58+00:00\",\"description\":\"Leer nuestras pol\u00edticas de privacidad y cookies, como utilizamos los datos que comparten a trav\u00e9s de nuestra p\u00e1gina web olmedomec.com.ar\",\"breadcrumb\":{\"@id\":\"https:\\\/\\\/olmedomec.com.ar\\\/web\\\/politicas-privacidad\\\/#breadcrumb\"},\"inLanguage\":\"es\",\"potentialAction\":[{\"@type\":\"ReadAction\",\"target\":[\"https:\\\/\\\/olmedomec.com.ar\\\/web\\\/politicas-privacidad\\\/\"]}]},{\"@type\":\"BreadcrumbList\",\"@id\":\"https:\\\/\\\/olmedomec.com.ar\\\/web\\\/politicas-privacidad\\\/#breadcrumb\",\"itemListElement\":[{\"@type\":\"ListItem\",\"position\":1,\"name\":\"Portada\",\"item\":\"https:\\\/\\\/olmedomec.com.ar\\\/web\\\/\"},{\"@type\":\"ListItem\",\"position\":2,\"name\":\"POL\u00cdTICAS DE PRIVACIDAD\"}]},{\"@type\":\"WebSite\",\"@id\":\"https:\\\/\\\/olmedomec.com.ar\\\/web\\\/#website\",\"url\":\"https:\\\/\\\/olmedomec.com.ar\\\/web\\\/\",\"name\":\"Olmedo Mec \\\/ .: Sitio Oficial :.\",\"description\":\"Mec\u00e1nico de Surtidores\",\"publisher\":{\"@id\":\"https:\\\/\\\/olmedomec.com.ar\\\/web\\\/#organization\"},\"potentialAction\":[{\"@type\":\"SearchAction\",\"target\":{\"@type\":\"EntryPoint\",\"urlTemplate\":\"https:\\\/\\\/olmedomec.com.ar\\\/web\\\/?s={search_term_string}\"},\"query-input\":{\"@type\":\"PropertyValueSpecification\",\"valueRequired\":true,\"valueName\":\"search_term_string\"}}],\"inLanguage\":\"es\"},{\"@type\":\"Organization\",\"@id\":\"https:\\\/\\\/olmedomec.com.ar\\\/web\\\/#organization\",\"name\":\"Olmedo Mec \\\/ .: Sitio Oficial :.\",\"url\":\"https:\\\/\\\/olmedomec.com.ar\\\/web\\\/\",\"logo\":{\"@type\":\"ImageObject\",\"inLanguage\":\"es\",\"@id\":\"https:\\\/\\\/olmedomec.com.ar\\\/web\\\/#\\\/schema\\\/logo\\\/image\\\/\",\"url\":\"https:\\\/\\\/olmedomec.com.ar\\\/web\\\/wp-content\\\/uploads\\\/2019\\\/08\\\/cropped-olmedologo.png\",\"contentUrl\":\"https:\\\/\\\/olmedomec.com.ar\\\/web\\\/wp-content\\\/uploads\\\/2019\\\/08\\\/cropped-olmedologo.png\",\"width\":189,\"height\":46,\"caption\":\"Olmedo Mec \\\/ .: Sitio Oficial :.\"},\"image\":{\"@id\":\"https:\\\/\\\/olmedomec.com.ar\\\/web\\\/#\\\/schema\\\/logo\\\/image\\\/\"}}]}<\/script>\n<!-- \/ Yoast SEO plugin. -->","yoast_head_json":{"title":"POL\u00cdTICAS DE PRIVACIDAD - Olmedo Mec \/ .: Sitio Oficial :.","description":"Leer nuestras pol\u00edticas de privacidad y cookies, como utilizamos los datos que comparten a trav\u00e9s de nuestra p\u00e1gina web olmedomec.com.ar","robots":{"index":"index","follow":"follow","max-snippet":"max-snippet:-1","max-image-preview":"max-image-preview:large","max-video-preview":"max-video-preview:-1"},"canonical":"https:\/\/olmedomec.com.ar\/web\/politicas-privacidad\/","og_locale":"es_ES","og_type":"article","og_title":"POL\u00cdTICAS DE PRIVACIDAD - Olmedo Mec \/ .: Sitio Oficial :.","og_description":"Leer nuestras pol\u00edticas de privacidad y cookies, como utilizamos los datos que comparten a trav\u00e9s de nuestra p\u00e1gina web olmedomec.com.ar","og_url":"https:\/\/olmedomec.com.ar\/web\/politicas-privacidad\/","og_site_name":"Olmedo Mec \/ .: Sitio Oficial :.","article_modified_time":"2025-08-26T15:33:58+00:00","twitter_card":"summary_large_image","twitter_misc":{"Tiempo de lectura":"7 minutos"},"schema":{"@context":"https:\/\/schema.org","@graph":[{"@type":"WebPage","@id":"https:\/\/olmedomec.com.ar\/web\/politicas-privacidad\/","url":"https:\/\/olmedomec.com.ar\/web\/politicas-privacidad\/","name":"POL\u00cdTICAS DE PRIVACIDAD - Olmedo Mec \/ .: Sitio Oficial :.","isPartOf":{"@id":"https:\/\/olmedomec.com.ar\/web\/#website"},"datePublished":"2019-10-26T17:52:46+00:00","dateModified":"2025-08-26T15:33:58+00:00","description":"Leer nuestras pol\u00edticas de privacidad y cookies, como utilizamos los datos que comparten a trav\u00e9s de nuestra p\u00e1gina web olmedomec.com.ar","breadcrumb":{"@id":"https:\/\/olmedomec.com.ar\/web\/politicas-privacidad\/#breadcrumb"},"inLanguage":"es","potentialAction":[{"@type":"ReadAction","target":["https:\/\/olmedomec.com.ar\/web\/politicas-privacidad\/"]}]},{"@type":"BreadcrumbList","@id":"https:\/\/olmedomec.com.ar\/web\/politicas-privacidad\/#breadcrumb","itemListElement":[{"@type":"ListItem","position":1,"name":"Portada","item":"https:\/\/olmedomec.com.ar\/web\/"},{"@type":"ListItem","position":2,"name":"POL\u00cdTICAS DE PRIVACIDAD"}]},{"@type":"WebSite","@id":"https:\/\/olmedomec.com.ar\/web\/#website","url":"https:\/\/olmedomec.com.ar\/web\/","name":"Olmedo Mec \/ .: Sitio Oficial :.","description":"Mec\u00e1nico de Surtidores","publisher":{"@id":"https:\/\/olmedomec.com.ar\/web\/#organization"},"potentialAction":[{"@type":"SearchAction","target":{"@type":"EntryPoint","urlTemplate":"https:\/\/olmedomec.com.ar\/web\/?s={search_term_string}"},"query-input":{"@type":"PropertyValueSpecification","valueRequired":true,"valueName":"search_term_string"}}],"inLanguage":"es"},{"@type":"Organization","@id":"https:\/\/olmedomec.com.ar\/web\/#organization","name":"Olmedo Mec \/ .: Sitio Oficial :.","url":"https:\/\/olmedomec.com.ar\/web\/","logo":{"@type":"ImageObject","inLanguage":"es","@id":"https:\/\/olmedomec.com.ar\/web\/#\/schema\/logo\/image\/","url":"https:\/\/olmedomec.com.ar\/web\/wp-content\/uploads\/2019\/08\/cropped-olmedologo.png","contentUrl":"https:\/\/olmedomec.com.ar\/web\/wp-content\/uploads\/2019\/08\/cropped-olmedologo.png","width":189,"height":46,"caption":"Olmedo Mec \/ .: Sitio Oficial :."},"image":{"@id":"https:\/\/olmedomec.com.ar\/web\/#\/schema\/logo\/image\/"}}]}},"_links":{"self":[{"href":"https:\/\/olmedomec.com.ar\/web\/wp-json\/wp\/v2\/pages\/560","targetHints":{"allow":["GET"]}}],"collection":[{"href":"https:\/\/olmedomec.com.ar\/web\/wp-json\/wp\/v2\/pages"}],"about":[{"href":"https:\/\/olmedomec.com.ar\/web\/wp-json\/wp\/v2\/types\/page"}],"author":[{"embeddable":true,"href":"https:\/\/olmedomec.com.ar\/web\/wp-json\/wp\/v2\/users\/2"}],"replies":[{"embeddable":true,"href":"https:\/\/olmedomec.com.ar\/web\/wp-json\/wp\/v2\/comments?post=560"}],"version-history":[{"count":5,"href":"https:\/\/olmedomec.com.ar\/web\/wp-json\/wp\/v2\/pages\/560\/revisions"}],"predecessor-version":[{"id":622,"href":"https:\/\/olmedomec.com.ar\/web\/wp-json\/wp\/v2\/pages\/560\/revisions\/622"}],"wp:attachment":[{"href":"https:\/\/olmedomec.com.ar\/web\/wp-json\/wp\/v2\/media?parent=560"}],"curies":[{"name":"wp","href":"https:\/\/api.w.org\/{rel}","templated":true}]}}